{"id":3,"date":"2025-10-14T10:56:22","date_gmt":"2025-10-14T08:56:22","guid":{"rendered":"https:\/\/www.bouvier-signa.com\/?page_id=3"},"modified":"2025-10-15T14:48:46","modified_gmt":"2025-10-15T12:48:46","slug":"legal-notices","status":"publish","type":"page","link":"https:\/\/www.bouvier-signa.com\/en\/legal-notices\/","title":{"rendered":"Legal notices"},"content":{"rendered":"<h2 class=\"wp-block-heading\">1 \u2013 Editing the site<\/h2>\n\n\n\n<p class=\"translation-block\">Pursuant to Article 6 of Law No. 2004-575 of 21 June 2004 on confidence in the digital economy, users of the website www.bouvier-signa.com are informed of the identity of the various parties involved in its creation and monitoring:<br>Site owner: Bouvier Signal\u00e9tique<br>Contact: <a href=\"mailto:signa@bouvier-signa.com\" target=\"_self\">signa@bouvier-signa.com<\/a> \u2013 01 60 17 91 76<br>Address: ZA Actip\u00f4le \u2013 4 to 6 Boulevard de Beaubourg \u2013 77183 Croissy Beaubourg.<br>Company identification: SARL Bouvier Signal\u00e9tique with share capital of \u20ac50,000 \u2013 SIREN: 502 447 386 \u2013 Postal address: ZA Actip\u00f4le \u2013 4 to 6 Boulevard de Beaubourg 77183 Croissy Beaubourg.<br>Publication Director: Bouvier Signal\u00e9tique \u2013 Contact: <a href=\"mailto:signa@bouvier-signa.com\" target=\"_self\">signa@bouvier-signa.com<\/a>.<br>Host: OVH SAS \u2013 2 rue Kellermann \u2013 BP 80157 \u2013 59053 Roubaix Cedex 1 \u2013 Telephone: 1007<br>________________________________________<\/p>\n\n\n\n<h2 class=\"wp-block-heading\">2 \u2013 Intellectual property and counterfeiting.<\/h2>\n\n\n\n<p class=\"translation-block\">Bouvier Signal\u00e9tique owns the intellectual property rights and holds the usage rights on all elements accessible on the website, including texts, images, graphics, logos, videos, architecture, icons and sounds.<br>Any reproduction, representation, modification, publication, adaptation of all or part of the elements of the site, whatever the means or process used, is prohibited without the prior written authorization of Bouvier Signal\u00e9tique.<br>Any unauthorized use of the site or any of the elements it contains will be considered as an infringement and prosecuted in accordance with the provisions of Articles L.335-2 et seq. of the Intellectual Property Code.<br>________________________________________<\/p>\n\n\n\n<h2 class=\"wp-block-heading\">3 \u2013 Limitations of liability.<\/h2>\n\n\n\n<p class=\"translation-block\">Bouvier Signal\u00e9tique cannot be held responsible for direct or indirect damage caused to the user's equipment when accessing the site www.bouvier-signa.com.<br>Bouvier Signal\u00e9tique declines all responsibility for the use that may be made of the information and content present on www.bouvier-signa.com.<br>Bouvier Signal\u00e9tique undertakes to secure the site www.bouvier-signa.com as best as possible, however its responsibility cannot be called into question if unwanted data is imported and installed on its site without its knowledge.<br>Interactive spaces (contact or comments area) are available to users. Bouvier Signal\u00e9tique reserves the right to delete, without prior notice, any content posted in this space that contravenes the legislation applicable in France, in particular the provisions relating to data protection.<br>Where applicable, Bouvier Signal\u00e9tique also reserves the right to hold the user civilly and\/or criminally liable, particularly in the event of messages of a racist, insulting, defamatory or pornographic nature, regardless of the medium used (text, photograph, etc.).<br>________________________________________<\/p>\n\n\n\n<h2 class=\"wp-block-heading\">4 \u2013 CNIL and management of personal data.<\/h2>\n\n\n\n<p class=\"translation-block\">In accordance with the provisions of Law 78-17 of January 6, 1978, as amended, the user of the website www.bouvier-signa.com has the right to access, modify, and delete the information collected. To exercise this right, send a message to our Data Protection Officer: \u2013 .<br>For more information on how we process your data (type of data, purpose, recipient, etc.), read our Privacy Policy.<br>It is also possible to file a complaint with the CNIL.<br>________________________________________<\/p>\n\n\n\n<h2 class=\"wp-block-heading\">5 \u2013 Hypertext links and cookies<\/h2>\n\n\n\n<p class=\"translation-block\">The website www.bouvier-signa.com contains hyperlinks to other sites and accepts no liability for these external links or links created by other sites to www.bouvier-signa.com.<br>Browsing the website www.bouvier-signa.com may result in the installation of cookie(s) on the user's computer. A \"cookie\" is a small file that records information relating to a user's navigation on a site. The data thus obtained makes it possible to obtain traffic measurements, for example.<br>You have the option to accept or refuse cookies by changing your browser settings. No cookie will be placed without your consent.<br>Cookies are saved for a maximum period of months.<br>For more information on how we use cookies, read our Privacy Policy.<br>________________________________________<\/p>\n\n\n\n<h2 class=\"wp-block-heading\">6 \u2013 Applicable law and attribution of jurisdiction.<\/h2>\n\n\n\n<p>Any dispute relating to the use of the website www.bouvier-signa.com is subject to French law. Except in cases where the law does not permit it, exclusive jurisdiction is granted to the competent courts of Paris.<\/p>","protected":false},"excerpt":{"rendered":"<p>1 &#8211; \u00c9dition du site En vertu de l&rsquo;article 6 de la loi n\u00b0 2004-575 du 21 juin 2004 pour la confiance dans l&rsquo;\u00e9conomie num\u00e9rique, il est pr\u00e9cis\u00e9 aux utilisateurs du site internet www.bouvier-signa.com l&rsquo;identit\u00e9 des diff\u00e9rents intervenants dans le cadre de sa r\u00e9alisation et de son suivi:Propri\u00e9taire du site : Bouvier Signal\u00e9tique&nbsp;Contact :&nbsp;signa@bouvier-signa.com&nbsp;&#8211; 01 [&hellip;]<\/p>","protected":false},"author":1,"featured_media":0,"parent":0,"menu_order":0,"comment_status":"closed","ping_status":"open","template":"page.php","meta":{"_acf_changed":false,"footnotes":""},"class_list":["post-3","page","type-page","status-publish","hentry"],"acf":[],"yoast_head":"<!-- This site is optimized with the Yoast SEO plugin v26.4 - https:\/\/yoast.com\/wordpress\/plugins\/seo\/ -->\n<title>Mentions l\u00e9gales | Bouvier Signal\u00e9tique<\/title>\n<meta name=\"robots\" content=\"index, follow, max-snippet:-1, max-image-preview:large, max-video-preview:-1\" \/>\n<link rel=\"canonical\" href=\"https:\/\/www.bouvier-signa.com\/en\/legal-notices\/\" \/>\n<meta property=\"og:locale\" content=\"en_GB\" \/>\n<meta property=\"og:type\" content=\"article\" \/>\n<meta property=\"og:title\" content=\"Mentions l\u00e9gales | Bouvier Signal\u00e9tique\" \/>\n<meta property=\"og:description\" content=\"1 &#8211; \u00c9dition du site En vertu de l&rsquo;article 6 de la loi n\u00b0 2004-575 du 21 juin 2004 pour la confiance dans l&rsquo;\u00e9conomie num\u00e9rique, il est pr\u00e9cis\u00e9 aux utilisateurs du site internet www.bouvier-signa.com l&rsquo;identit\u00e9 des diff\u00e9rents intervenants dans le cadre de sa r\u00e9alisation et de son suivi:Propri\u00e9taire du site : Bouvier Signal\u00e9tique&nbsp;Contact :&nbsp;signa@bouvier-signa.com&nbsp;&#8211; 01 [&hellip;]\" \/>\n<meta property=\"og:url\" content=\"https:\/\/www.bouvier-signa.com\/en\/legal-notices\/\" \/>\n<meta property=\"og:site_name\" content=\"Bouvier Signal\u00e9tique\" \/>\n<meta property=\"article:modified_time\" content=\"2025-10-15T12:48:46+00:00\" \/>\n<meta name=\"twitter:card\" content=\"summary_large_image\" \/>\n<script type=\"application\/ld+json\" class=\"yoast-schema-graph\">{\"@context\":\"https:\/\/schema.org\",\"@graph\":[{\"@type\":\"WebPage\",\"@id\":\"https:\/\/www.bouvier-signa.com\/fr\/mentions-legales\/\",\"url\":\"https:\/\/www.bouvier-signa.com\/fr\/mentions-legales\/\",\"name\":\"Mentions l\u00e9gales | Bouvier Signal\u00e9tique\",\"isPartOf\":{\"@id\":\"https:\/\/www.bouvier-signa.com\/fr\/#website\"},\"datePublished\":\"2025-10-14T08:56:22+00:00\",\"dateModified\":\"2025-10-15T12:48:46+00:00\",\"breadcrumb\":{\"@id\":\"https:\/\/www.bouvier-signa.com\/fr\/mentions-legales\/#breadcrumb\"},\"inLanguage\":\"en-GB\",\"potentialAction\":[{\"@type\":\"ReadAction\",\"target\":[\"https:\/\/www.bouvier-signa.com\/fr\/mentions-legales\/\"]}]},{\"@type\":\"BreadcrumbList\",\"@id\":\"https:\/\/www.bouvier-signa.com\/fr\/mentions-legales\/#breadcrumb\",\"itemListElement\":[{\"@type\":\"ListItem\",\"position\":1,\"name\":\"Accueil\",\"item\":\"https:\/\/www.bouvier-signa.com\/fr\/\"},{\"@type\":\"ListItem\",\"position\":2,\"name\":\"Mentions l\u00e9gales\"}]},{\"@type\":\"WebSite\",\"@id\":\"https:\/\/www.bouvier-signa.com\/fr\/#website\",\"url\":\"https:\/\/www.bouvier-signa.com\/fr\/\",\"name\":\"Bouvier Signal\u00e9tique\",\"description\":\"Des enseignes, de la conception \u00e0 la pose !\",\"potentialAction\":[{\"@type\":\"SearchAction\",\"target\":{\"@type\":\"EntryPoint\",\"urlTemplate\":\"https:\/\/www.bouvier-signa.com\/fr\/?s={search_term_string}\"},\"query-input\":{\"@type\":\"PropertyValueSpecification\",\"valueRequired\":true,\"valueName\":\"search_term_string\"}}],\"inLanguage\":\"en-GB\"}]}<\/script>\n<!-- \/ Yoast SEO plugin. -->","yoast_head_json":{"title":"Mentions l\u00e9gales | Bouvier Signal\u00e9tique","robots":{"index":"index","follow":"follow","max-snippet":"max-snippet:-1","max-image-preview":"max-image-preview:large","max-video-preview":"max-video-preview:-1"},"canonical":"https:\/\/www.bouvier-signa.com\/en\/legal-notices\/","og_locale":"en_GB","og_type":"article","og_title":"Mentions l\u00e9gales | Bouvier Signal\u00e9tique","og_description":"1 &#8211; \u00c9dition du site En vertu de l&rsquo;article 6 de la loi n\u00b0 2004-575 du 21 juin 2004 pour la confiance dans l&rsquo;\u00e9conomie num\u00e9rique, il est pr\u00e9cis\u00e9 aux utilisateurs du site internet www.bouvier-signa.com l&rsquo;identit\u00e9 des diff\u00e9rents intervenants dans le cadre de sa r\u00e9alisation et de son suivi:Propri\u00e9taire du site : Bouvier Signal\u00e9tique&nbsp;Contact :&nbsp;signa@bouvier-signa.com&nbsp;&#8211; 01 [&hellip;]","og_url":"https:\/\/www.bouvier-signa.com\/en\/legal-notices\/","og_site_name":"Bouvier Signal\u00e9tique","article_modified_time":"2025-10-15T12:48:46+00:00","twitter_card":"summary_large_image","schema":{"@context":"https:\/\/schema.org","@graph":[{"@type":"WebPage","@id":"https:\/\/www.bouvier-signa.com\/fr\/mentions-legales\/","url":"https:\/\/www.bouvier-signa.com\/fr\/mentions-legales\/","name":"Mentions l\u00e9gales | Bouvier Signal\u00e9tique","isPartOf":{"@id":"https:\/\/www.bouvier-signa.com\/fr\/#website"},"datePublished":"2025-10-14T08:56:22+00:00","dateModified":"2025-10-15T12:48:46+00:00","breadcrumb":{"@id":"https:\/\/www.bouvier-signa.com\/fr\/mentions-legales\/#breadcrumb"},"inLanguage":"en-GB","potentialAction":[{"@type":"ReadAction","target":["https:\/\/www.bouvier-signa.com\/fr\/mentions-legales\/"]}]},{"@type":"BreadcrumbList","@id":"https:\/\/www.bouvier-signa.com\/fr\/mentions-legales\/#breadcrumb","itemListElement":[{"@type":"ListItem","position":1,"name":"Accueil","item":"https:\/\/www.bouvier-signa.com\/fr\/"},{"@type":"ListItem","position":2,"name":"Mentions l\u00e9gales"}]},{"@type":"WebSite","@id":"https:\/\/www.bouvier-signa.com\/fr\/#website","url":"https:\/\/www.bouvier-signa.com\/fr\/","name":"Bouvier Signal\u00e9tique","description":"Des enseignes, de la conception \u00e0 la pose !","potentialAction":[{"@type":"SearchAction","target":{"@type":"EntryPoint","urlTemplate":"https:\/\/www.bouvier-signa.com\/fr\/?s={search_term_string}"},"query-input":{"@type":"PropertyValueSpecification","valueRequired":true,"valueName":"search_term_string"}}],"inLanguage":"en-GB"}]}},"_links":{"self":[{"href":"https:\/\/www.bouvier-signa.com\/en\/wp-json\/wp\/v2\/pages\/3","targetHints":{"allow":["GET"]}}],"collection":[{"href":"https:\/\/www.bouvier-signa.com\/en\/wp-json\/wp\/v2\/pages"}],"about":[{"href":"https:\/\/www.bouvier-signa.com\/en\/wp-json\/wp\/v2\/types\/page"}],"author":[{"embeddable":true,"href":"https:\/\/www.bouvier-signa.com\/en\/wp-json\/wp\/v2\/users\/1"}],"replies":[{"embeddable":true,"href":"https:\/\/www.bouvier-signa.com\/en\/wp-json\/wp\/v2\/comments?post=3"}],"version-history":[{"count":2,"href":"https:\/\/www.bouvier-signa.com\/en\/wp-json\/wp\/v2\/pages\/3\/revisions"}],"predecessor-version":[{"id":223,"href":"https:\/\/www.bouvier-signa.com\/en\/wp-json\/wp\/v2\/pages\/3\/revisions\/223"}],"wp:attachment":[{"href":"https:\/\/www.bouvier-signa.com\/en\/wp-json\/wp\/v2\/media?parent=3"}],"curies":[{"name":"wp","href":"https:\/\/api.w.org\/{rel}","templated":true}]}}