{"id":28,"date":"2025-10-14T15:09:16","date_gmt":"2025-10-14T13:09:16","guid":{"rendered":"https:\/\/www.bouvier-signa.com\/?page_id=28"},"modified":"2025-10-14T16:08:22","modified_gmt":"2025-10-14T14:08:22","slug":"imprimerie-fabricant-signaletique","status":"publish","type":"page","link":"https:\/\/www.bouvier-signa.com\/fr\/imprimerie-fabricant-signaletique\/","title":{"rendered":"Nous contacter"},"content":{"rendered":"\n<div class=\"wp-block-columns is-layout-flex wp-container-core-columns-is-layout-9d6595d7 wp-block-columns-is-layout-flex\">\n<div class=\"wp-block-column is-layout-flow wp-block-column-is-layout-flow\">\n<p><strong><mark style=\"background-color:rgba(0, 0, 0, 0);color:#ec6608\" class=\"has-inline-color\">AGENCE \u00ceLE-DE-FRANCE<br>Si\u00e8ge social<\/mark><\/strong><br>ZA Actip\u00f4le &#8211; 4 \u00e0 6 Boulevard de Beaubourg<br>77183 Croissy Beaubourg<br><em><a href=\"mailto:contact@bouvier-signa.com\">contact@bouvier-signa.com<\/a><\/em><br>01 60 17 91 76<\/p>\n\n\n\n<p><strong><mark style=\"background-color:rgba(0, 0, 0, 0);color:#ec6608\" class=\"has-inline-color\">AGENCE SUD EST<\/mark><\/strong><br>ZI Sud &#8211; 65 All\u00e9e du Dauphin\u00e9<br>26300 Bourg de P\u00e9age<br><em><a href=\"mailto:laetitia@bouvier-signa.com\">laetitia@bouvier-signa.com<\/a><\/em><br>04 75 72 78 09<\/p>\n\n\n\n<p><strong><mark style=\"background-color:rgba(0, 0, 0, 0);color:#ec6608\" class=\"has-inline-color\">AGENCE AUVERGNE RH\u00d4NE-ALPES<\/mark><\/strong><br>ZI Sud &#8211; 6 Rue Louis Antoine Beaunier<br>42160 Andrezieux Boutheon<br><em><a href=\"mailto:laetitia@bouvier-signa.com\">laetitia@bouvier-signa.com<\/a><\/em><br>04 77 36 49 20<\/p>\n<\/div>\n\n\n\n<div class=\"wp-block-column is-layout-flow wp-block-column-is-layout-flow\">\n<div class=\"wp-block-contact-form-7-contact-form-selector\">\n<div class=\"wpcf7 no-js\" id=\"wpcf7-f12-o1\" lang=\"fr-FR\" dir=\"ltr\" data-wpcf7-id=\"12\">\n<div class=\"screen-reader-response\"><p role=\"status\" aria-live=\"polite\" aria-atomic=\"true\"><\/p> <ul><\/ul><\/div>\n<form action=\"\/fr\/wp-json\/wp\/v2\/pages\/28#wpcf7-f12-o1\" method=\"post\" class=\"wpcf7-form init\" aria-label=\"Formulaire de contact\" novalidate=\"novalidate\" data-status=\"init\">\n<fieldset class=\"hidden-fields-container\"><input type=\"hidden\" name=\"_wpcf7\" value=\"12\" \/><input type=\"hidden\" name=\"_wpcf7_version\" value=\"6.1.3\" \/><input type=\"hidden\" name=\"_wpcf7_locale\" value=\"fr_FR\" \/><input type=\"hidden\" name=\"_wpcf7_unit_tag\" value=\"wpcf7-f12-o1\" \/><input type=\"hidden\" name=\"_wpcf7_container_post\" value=\"0\" \/><input type=\"hidden\" name=\"_wpcf7_posted_data_hash\" value=\"\" \/><input type=\"hidden\" name=\"_wpcf7_recaptcha_response\" value=\"\" \/>\n<\/fieldset>\n<p><label>Votre nom et pr\u00e9nom<\/label><br \/>\n<span class=\"wpcf7-form-control-wrap\" data-name=\"votre-nom\"><input size=\"40\" maxlength=\"400\" class=\"wpcf7-form-control wpcf7-text wpcf7-validates-as-required\" aria-required=\"true\" aria-invalid=\"false\" value=\"\" type=\"text\" name=\"votre-nom\" \/><\/span><br \/>\n<label>Votre t\u00e9l\u00e9phone<\/label><br \/>\n<span class=\"wpcf7-form-control-wrap\" data-name=\"votre-telephone\"><input size=\"40\" maxlength=\"400\" class=\"wpcf7-form-control wpcf7-tel wpcf7-validates-as-required wpcf7-text wpcf7-validates-as-tel\" aria-required=\"true\" aria-invalid=\"false\" value=\"\" type=\"tel\" name=\"votre-telephone\" \/><\/span><br \/>\n<label>Votre e-mail<\/label><br \/>\n<span class=\"wpcf7-form-control-wrap\" data-name=\"votre-email\"><input size=\"40\" maxlength=\"400\" class=\"wpcf7-form-control wpcf7-email wpcf7-validates-as-required wpcf7-text wpcf7-validates-as-email\" aria-required=\"true\" aria-invalid=\"false\" value=\"\" type=\"email\" name=\"votre-email\" \/><\/span><br \/>\n<label>Votre message<\/label><br \/>\n<span class=\"wpcf7-form-control-wrap\" data-name=\"votre-message\"><textarea cols=\"40\" rows=\"10\" maxlength=\"2000\" class=\"wpcf7-form-control wpcf7-textarea\" aria-invalid=\"false\" name=\"votre-message\"><\/textarea><\/span><br \/>\n<input class=\"wpcf7-form-control wpcf7-submit has-spinner\" type=\"submit\" value=\"Envoyer\" \/>\n<\/p><div class=\"wpcf7-response-output\" aria-hidden=\"true\"><\/div>\n<\/form>\n<\/div>\n<\/div>\n\n\n\n<p><em><mark style=\"background-color:rgba(0, 0, 0, 0);color:#ea0000\" class=\"has-inline-color\">Concernant les candidatures spontan\u00e9es \u2013 merci de les transmettre \u00e0 travers la page de recrutement du Groupe EPHIE Industries<\/mark>\u00a0<\/em><a href=\"https:\/\/www.ephie-industries.com\/offres-de-recrutement\/\" target=\"_blank\" rel=\"noreferrer noopener\"><em>ICI<\/em><\/a><\/p>\n<\/div>\n<\/div>\n","protected":false},"excerpt":{"rendered":"<p>AGENCE \u00ceLE-DE-FRANCESi\u00e8ge socialZA Actip\u00f4le &#8211; 4 \u00e0 6 Boulevard de Beaubourg77183 Croissy Beaubourgcontact@bouvier-signa.com01 60 17 91 76 AGENCE SUD ESTZI Sud &#8211; 65 All\u00e9e du Dauphin\u00e926300 Bourg de P\u00e9agelaetitia@bouvier-signa.com04 75 72 78 09 AGENCE AUVERGNE RH\u00d4NE-ALPESZI Sud &#8211; 6 Rue Louis Antoine Beaunier42160 Andrezieux Boutheonlaetitia@bouvier-signa.com04 77 36 49 20 Concernant les candidatures spontan\u00e9es \u2013 merci [&hellip;]<\/p>\n","protected":false},"author":1,"featured_media":0,"parent":0,"menu_order":0,"comment_status":"closed","ping_status":"closed","template":"bouvier_contact.php","meta":{"_acf_changed":false,"footnotes":""},"class_list":["post-28","page","type-page","status-publish","hentry"],"acf":[],"yoast_head":"<!-- This site is optimized with the Yoast SEO plugin v26.4 - https:\/\/yoast.com\/wordpress\/plugins\/seo\/ -->\n<title>Nos agences en France | Bouvier, imprimerie &amp; fabricant signal\u00e9tique<\/title>\n<meta name=\"description\" content=\"Toutes les coordonn\u00e9es de nos agences Bouvier en France pour la fabrication et la pose de vos signal\u00e9tiques. L&#039;imprimerie &amp; fabricant de signal\u00e9tique qu&#039;il vous faut.\" \/>\n<meta name=\"robots\" content=\"index, follow, max-snippet:-1, max-image-preview:large, max-video-preview:-1\" \/>\n<link rel=\"canonical\" href=\"https:\/\/www.bouvier-signa.com\/fr\/imprimerie-fabricant-signaletique\/\" \/>\n<meta property=\"og:locale\" content=\"fr_FR\" \/>\n<meta property=\"og:type\" content=\"article\" \/>\n<meta property=\"og:title\" content=\"Nos agences en France | Bouvier, imprimerie &amp; fabricant signal\u00e9tique\" \/>\n<meta property=\"og:description\" content=\"Toutes les coordonn\u00e9es de nos agences Bouvier en France pour la fabrication et la pose de vos signal\u00e9tiques. L&#039;imprimerie &amp; fabricant de signal\u00e9tique qu&#039;il vous faut.\" \/>\n<meta property=\"og:url\" content=\"https:\/\/www.bouvier-signa.com\/fr\/imprimerie-fabricant-signaletique\/\" \/>\n<meta property=\"og:site_name\" content=\"Bouvier Signal\u00e9tique\" \/>\n<meta property=\"article:modified_time\" content=\"2025-10-14T14:08:22+00:00\" \/>\n<meta name=\"twitter:card\" content=\"summary_large_image\" \/>\n<meta name=\"twitter:label1\" content=\"Dur\u00e9e de lecture estim\u00e9e\" \/>\n\t<meta name=\"twitter:data1\" content=\"1 minute\" \/>\n<script type=\"application\/ld+json\" class=\"yoast-schema-graph\">{\"@context\":\"https:\/\/schema.org\",\"@graph\":[{\"@type\":\"WebPage\",\"@id\":\"https:\/\/www.bouvier-signa.com\/imprimerie-fabricant-signaletique\/\",\"url\":\"https:\/\/www.bouvier-signa.com\/imprimerie-fabricant-signaletique\/\",\"name\":\"Nos agences en France | Bouvier, imprimerie & fabricant signal\u00e9tique\",\"isPartOf\":{\"@id\":\"https:\/\/www.bouvier-signa.com\/fr\/#website\"},\"datePublished\":\"2025-10-14T13:09:16+00:00\",\"dateModified\":\"2025-10-14T14:08:22+00:00\",\"description\":\"Toutes les coordonn\u00e9es de nos agences Bouvier en France pour la fabrication et la pose de vos signal\u00e9tiques. L'imprimerie & fabricant de signal\u00e9tique qu'il vous faut.\",\"breadcrumb\":{\"@id\":\"https:\/\/www.bouvier-signa.com\/imprimerie-fabricant-signaletique\/#breadcrumb\"},\"inLanguage\":\"fr-FR\",\"potentialAction\":[{\"@type\":\"ReadAction\",\"target\":[\"https:\/\/www.bouvier-signa.com\/imprimerie-fabricant-signaletique\/\"]}]},{\"@type\":\"BreadcrumbList\",\"@id\":\"https:\/\/www.bouvier-signa.com\/imprimerie-fabricant-signaletique\/#breadcrumb\",\"itemListElement\":[{\"@type\":\"ListItem\",\"position\":1,\"name\":\"Accueil\",\"item\":\"https:\/\/www.bouvier-signa.com\/fr\/\"},{\"@type\":\"ListItem\",\"position\":2,\"name\":\"Nous contacter\"}]},{\"@type\":\"WebSite\",\"@id\":\"https:\/\/www.bouvier-signa.com\/fr\/#website\",\"url\":\"https:\/\/www.bouvier-signa.com\/fr\/\",\"name\":\"Bouvier Signal\u00e9tique\",\"description\":\"Des enseignes, de la conception \u00e0 la pose !\",\"potentialAction\":[{\"@type\":\"SearchAction\",\"target\":{\"@type\":\"EntryPoint\",\"urlTemplate\":\"https:\/\/www.bouvier-signa.com\/fr\/?s={search_term_string}\"},\"query-input\":{\"@type\":\"PropertyValueSpecification\",\"valueRequired\":true,\"valueName\":\"search_term_string\"}}],\"inLanguage\":\"fr-FR\"}]}<\/script>\n<!-- \/ Yoast SEO plugin. -->","yoast_head_json":{"title":"Nos agences en France | Bouvier, imprimerie & fabricant signal\u00e9tique","description":"Toutes les coordonn\u00e9es de nos agences Bouvier en France pour la fabrication et la pose de vos signal\u00e9tiques. L'imprimerie & fabricant de signal\u00e9tique qu'il vous faut.","robots":{"index":"index","follow":"follow","max-snippet":"max-snippet:-1","max-image-preview":"max-image-preview:large","max-video-preview":"max-video-preview:-1"},"canonical":"https:\/\/www.bouvier-signa.com\/fr\/imprimerie-fabricant-signaletique\/","og_locale":"fr_FR","og_type":"article","og_title":"Nos agences en France | Bouvier, imprimerie & fabricant signal\u00e9tique","og_description":"Toutes les coordonn\u00e9es de nos agences Bouvier en France pour la fabrication et la pose de vos signal\u00e9tiques. L'imprimerie & fabricant de signal\u00e9tique qu'il vous faut.","og_url":"https:\/\/www.bouvier-signa.com\/fr\/imprimerie-fabricant-signaletique\/","og_site_name":"Bouvier Signal\u00e9tique","article_modified_time":"2025-10-14T14:08:22+00:00","twitter_card":"summary_large_image","twitter_misc":{"Dur\u00e9e de lecture estim\u00e9e":"1 minute"},"schema":{"@context":"https:\/\/schema.org","@graph":[{"@type":"WebPage","@id":"https:\/\/www.bouvier-signa.com\/imprimerie-fabricant-signaletique\/","url":"https:\/\/www.bouvier-signa.com\/imprimerie-fabricant-signaletique\/","name":"Nos agences en France | Bouvier, imprimerie & fabricant signal\u00e9tique","isPartOf":{"@id":"https:\/\/www.bouvier-signa.com\/fr\/#website"},"datePublished":"2025-10-14T13:09:16+00:00","dateModified":"2025-10-14T14:08:22+00:00","description":"Toutes les coordonn\u00e9es de nos agences Bouvier en France pour la fabrication et la pose de vos signal\u00e9tiques. L'imprimerie & fabricant de signal\u00e9tique qu'il vous faut.","breadcrumb":{"@id":"https:\/\/www.bouvier-signa.com\/imprimerie-fabricant-signaletique\/#breadcrumb"},"inLanguage":"fr-FR","potentialAction":[{"@type":"ReadAction","target":["https:\/\/www.bouvier-signa.com\/imprimerie-fabricant-signaletique\/"]}]},{"@type":"BreadcrumbList","@id":"https:\/\/www.bouvier-signa.com\/imprimerie-fabricant-signaletique\/#breadcrumb","itemListElement":[{"@type":"ListItem","position":1,"name":"Accueil","item":"https:\/\/www.bouvier-signa.com\/fr\/"},{"@type":"ListItem","position":2,"name":"Nous contacter"}]},{"@type":"WebSite","@id":"https:\/\/www.bouvier-signa.com\/fr\/#website","url":"https:\/\/www.bouvier-signa.com\/fr\/","name":"Bouvier Signal\u00e9tique","description":"Des enseignes, de la conception \u00e0 la pose !","potentialAction":[{"@type":"SearchAction","target":{"@type":"EntryPoint","urlTemplate":"https:\/\/www.bouvier-signa.com\/fr\/?s={search_term_string}"},"query-input":{"@type":"PropertyValueSpecification","valueRequired":true,"valueName":"search_term_string"}}],"inLanguage":"fr-FR"}]}},"_links":{"self":[{"href":"https:\/\/www.bouvier-signa.com\/fr\/wp-json\/wp\/v2\/pages\/28","targetHints":{"allow":["GET"]}}],"collection":[{"href":"https:\/\/www.bouvier-signa.com\/fr\/wp-json\/wp\/v2\/pages"}],"about":[{"href":"https:\/\/www.bouvier-signa.com\/fr\/wp-json\/wp\/v2\/types\/page"}],"author":[{"embeddable":true,"href":"https:\/\/www.bouvier-signa.com\/fr\/wp-json\/wp\/v2\/users\/1"}],"replies":[{"embeddable":true,"href":"https:\/\/www.bouvier-signa.com\/fr\/wp-json\/wp\/v2\/comments?post=28"}],"version-history":[{"count":3,"href":"https:\/\/www.bouvier-signa.com\/fr\/wp-json\/wp\/v2\/pages\/28\/revisions"}],"predecessor-version":[{"id":37,"href":"https:\/\/www.bouvier-signa.com\/fr\/wp-json\/wp\/v2\/pages\/28\/revisions\/37"}],"wp:attachment":[{"href":"https:\/\/www.bouvier-signa.com\/fr\/wp-json\/wp\/v2\/media?parent=28"}],"curies":[{"name":"wp","href":"https:\/\/api.w.org\/{rel}","templated":true}]}}